{"id":2086,"date":"2023-04-03T19:33:54","date_gmt":"2023-04-03T19:33:54","guid":{"rendered":"https:\/\/www.kuvita.net\/jotainmuuta\/?page_id=2086"},"modified":"2026-03-08T11:01:30","modified_gmt":"2026-03-08T11:01:30","slug":"kuvataiteesta","status":"publish","type":"page","link":"https:\/\/www.kuvita.net\/jotainmuuta\/","title":{"rendered":"Marja Rosti"},"content":{"rendered":"\n<figure class=\"wp-block-image size-full\"><img loading=\"lazy\" decoding=\"async\" width=\"235\" height=\"378\" src=\"https:\/\/www.kuvita.net\/jotainmuuta\/wp-content\/uploads\/2023\/04\/Rosti.jpg\" alt=\"\" class=\"wp-image-2239\" srcset=\"https:\/\/www.kuvita.net\/jotainmuuta\/wp-content\/uploads\/2023\/04\/Rosti.jpg 235w, https:\/\/www.kuvita.net\/jotainmuuta\/wp-content\/uploads\/2023\/04\/Rosti-187x300.jpg 187w\" sizes=\"auto, (max-width: 235px) 100vw, 235px\" \/><\/figure>\n\n\n<p style=\"font-weight: 400;\">marja.rosti@kuvita.net<\/p>\n\n\n<p class=\"has-medium-font-size\">Miten minusta tuli min\u00e4<\/p>\n\n\n\n<p><strong>(Muorivoima, Grandmama poweria !<\/strong>)<\/p>\n\n\n\n<p id=\"block-1a2761e5-928c-4ded-bdb4-4ececf9c38df\"><strong>Valmistuin kuvataideopettajaksi Taideteollisesta korkeakoulusta 1974.<\/strong> <strong>Garaafiseksi suunnittelijaksi Vantaan muotoiluinstituutista 2005<\/strong><\/p>\n\n\n\n<p id=\"block-b1f1dd14-b5da-489d-8015-a63b59c17e79\"><br>Kun olin opettanut parikymment\u00e4 vuotta kuvataidetta eri oppilaitoksissa, alkoi tuntua ett\u00e4 ev\u00e4\u00e4t ovat loppumassa. Tarvitsin uutta energiatankkausta. P\u00e4\u00e4sin opiskelemaan valokuvausta Taideteollisen korkeakoulun valokuvataiteen laitokselle 1990-l aikuiskoulutusryhm\u00e4\u00e4n, mutta valokuvan opinnot j\u00e4iv\u00e4t ensimm\u00e4isen vuoden opintojen tasolle. Minusta ei ollut yritt\u00e4j\u00e4ksi, ja investoinnit kuvausv\u00e4lineisiin olisivat olleet liian suuria. P\u00e4\u00e4sin opiskelemaan 2000-l alussa niin ik\u00e4\u00e4n aikuiskoulutusv\u00e4yl\u00e4lle Vantaan muotoiluinstituuttiin, jossa suoritin&nbsp;<strong>graafisen suunnittelun<\/strong>&nbsp;ammattikorkeakoulututkinnon.<\/p>\n\n\n\n<p id=\"block-51f810c0-712f-49b1-a58e-2f93ac46ce3a\">Graafisen suunnittelun opinnot osuivat oikeaan aikaan, sill\u00e4 tietotekniikka ja kuvaohjelmien hallinta alkoivat valtavirtaistua visuaalisella alalla ja tietotekniikka tuli my\u00f6s lukiokouluun. Koulut alkoivat investoida opettajiensa ICT -laitteisiin. Taideteollisen korkeakoulun valokuvataiteen opinnot 90-l. puoliv\u00e4liss\u00e4 perustuivat analogiselle tekniikalle.<\/p>\n\n\n\n<p id=\"block-cd5e272b-f2b9-4a4c-b4a6-ceeb0305bb26\"><strong>Oman kuvantekemiseni<\/strong>&nbsp;nykyinen pohja on edell\u00e4 mainituissa opinnoissa. Minua kiinnostavat mennneet ajat, unohdetut ja rappiolla olevat paikat ja esineet, ep\u00e4paikat (<a href=\"https:\/\/en.wikipedia.org\/wiki\/Non-place\">Non Places<\/a>), raunioromantiikka  &#8211; niin ja luonto, sik\u00e4li kuin sit\u00e4 on. Minulle kuvien viesti on t\u00e4rke\u00e4 \u2013 k\u00e4tketty tai avoin. Teokseni ovat tavalla tai toisella kantaaottavia, sarkastisia ja v\u00e4hemm\u00e4n esteettisi\u00e4.&nbsp;<\/p>\n\n\n\n<p id=\"block-9449c33b-7208-49d2-9471-3571d95f8aef\"><strong>T\u00e4ll\u00e4 hetkell\u00e4&nbsp;<\/strong>k\u00e4yt\u00e4n materiaalinani valokuvia, omia ja yhteisty\u00f6kumppanini&nbsp;<strong>Kari Kaleniuksen<\/strong>&nbsp;ottamia kuvia, sek\u00e4 valokuvia vuosikymmenten takaa. K\u00e4yt\u00e4n apunani&nbsp;<strong>kuvansiirtotekniikkaa eri materiaaleille, puulevylle tai kankaalle( Foto Transfer\/ImageTransfer<\/strong>), tai yksinkertaisesti pigmenttisiiro). Yhdistelen valokuviini maalausta, piirustusta, eli ty\u00f6ni edustavat sekatekniikkaa tai perintisi\u00e4 fotomontaaseja tai kollaaseja.<\/p>\n\n\n\n<p><\/p>\n\n\n\n<p id=\"block-758e1f6f-bc6f-4ed9-8f4e-bd9a8ca6bb0d\"><strong>K\u00e4vin keskikoulun ja lukion<\/strong> 1960-l Lahdessa <strong>Launeen yhteislyseossa<\/strong>, jossa vaikuttivat kuvataideopettajina Lanun-pariskunta. Taiteilija <strong>Olavi Lanu<\/strong> kehitti koulusta aikoinaan kuuluisan kuvataidekoulun, jonka oppilaat voittivat (ajan hengen mukaan j\u00e4rjestettyj\u00e4) taidekilpailuja toisensa per\u00e4\u00e4n. Tulin ensimm\u00e4iseksi <strong>Jyv\u00e4skyl\u00e4n kes\u00e4n j<\/strong>a kouluhallituksen organisoimassa Teinidebytantti (!) kilpailussa v. 1969. Se oli sik\u00e4li merkitt\u00e4v\u00e4 tapaus el\u00e4m\u00e4ss\u00e4ni, ett\u00e4 p\u00e4\u00e4tin ylioppilaaksi tultuani pyrki\u00e4 Taideteolliseen korkeakouluun.<br><strong>Valitettavasti&nbsp;<\/strong>opettajana minusta ei tullut toista Lanua, sit\u00e4 energiaa ja karismaa ei vain l\u00f6ytynyt. Mutta intohimo kokeilevaan ilmaisuun kyll\u00e4 j\u00e4i \u2013 ja ajatus, ett\u00e4 meist\u00e4 kuka tahansa voi olla taiteilija. Sis\u00e4ltyyh\u00e4n taiteeseen niin paljon oivaltamista, yll\u00e4tt\u00e4vien yhteyksien keksimist\u00e4 ja sanalla sanoen luovaa leikki\u00e4, mihin jokaisella on oikeus katselijana ja kokijana ja tekij\u00e4n\u00e4.<\/p>\n\n\n\n<p><strong>Vuonna 202<\/strong>5 tulin vihdoin virallisesti hyv\u00e4ksytyksi ammattitaiteilijana. Hain useamman kerran Taidegraafikoihin, mutta lopulta tulin hyv\u00e4ksytyksi <a href=\"https:\/\/www.muu.fi\">MUU RY:n<\/a> j\u00e4seneksi. Ihan oikea paikka. Ympyr\u00e4 sulkeutui. Lanujen pariskunta kannusti minua hakeutumaan opiskeluaikanani Nuorten n\u00e4yttelyihin, mutta en uskonut ett\u00e4 rahkeeni olisivat riitt\u00e4neet. Toisaalta silloin en ymm\u00e4rt\u00e4nyt, miten suomalainen taidej\u00e4rjest\u00f6kulttuuri toimii. Taiteen tekij\u00e4n\u00e4 j\u00e4rjest\u00f6jen ulkopuolella, ei ole el\u00e4m\u00e4\u00e4.<\/p>\n\n\n\n<p>Pieni kuvamontaasin historia <strong><a href=\"https:\/\/www.bbc.com\/culture\/article\/20260216-10-early-photographic-fakes-that-trick-the-eye?fbclid=IwY2xjawQVM25leHRuA2FlbQIxMABicmlkETBKMDdIcExxQ2RQdzVvSXdic3J0YwZhcHBfaWQQMjIyMDM5MTc4ODIwMDg5MgABHkqAlPDb7N0zugX95lgryOvvJisY-RJDCurMWxUO1-LBIR1f9kpHxHTl7UL6_aem_tEfbwGmk-1Y0TpStAaT71g\">BBC<\/a><\/strong><\/p>\n\n\n\n<figure class=\"wp-block-image size-full\"><a href=\"https:\/\/konstnarsforbundet.se\"><img loading=\"lazy\" decoding=\"async\" width=\"324\" height=\"98\" src=\"https:\/\/www.kuvita.net\/jotainmuuta\/wp-content\/uploads\/2026\/03\/bundet.png\" alt=\"\" class=\"wp-image-3658\" srcset=\"https:\/\/www.kuvita.net\/jotainmuuta\/wp-content\/uploads\/2026\/03\/bundet.png 324w, https:\/\/www.kuvita.net\/jotainmuuta\/wp-content\/uploads\/2026\/03\/bundet-300x91.png 300w\" sizes=\"auto, (max-width: 324px) 100vw, 324px\" \/><\/a><\/figure>\n\n\n\n<p><a href=\"https:\/\/kuvataiteilijamatrikkeli.fi\/taiteilija\/rosti-marja\">Taiteilijamatrikkeli<\/a><\/p>\n\n\n\n<h6 class=\"wp-block-heading\">Jyv\u00e4skyl\u00e4n kes\u00e4 1969 ja Teinien taidep\u00e4iv\u00e4t Lahdessa 1968<\/h6>\n\n\n\n<figure class=\"wp-block-image size-large\"><img loading=\"lazy\" decoding=\"async\" width=\"544\" height=\"1024\" src=\"https:\/\/www.kuvita.net\/jotainmuuta\/wp-content\/uploads\/2023\/04\/debytantti-kopio-scaled-1-544x1024.jpg\" alt=\"\" class=\"wp-image-2517\" srcset=\"https:\/\/www.kuvita.net\/jotainmuuta\/wp-content\/uploads\/2023\/04\/debytantti-kopio-scaled-1-544x1024.jpg 544w, https:\/\/www.kuvita.net\/jotainmuuta\/wp-content\/uploads\/2023\/04\/debytantti-kopio-scaled-1-159x300.jpg 159w, https:\/\/www.kuvita.net\/jotainmuuta\/wp-content\/uploads\/2023\/04\/debytantti-kopio-scaled-1-768x1445.jpg 768w, https:\/\/www.kuvita.net\/jotainmuuta\/wp-content\/uploads\/2023\/04\/debytantti-kopio-scaled-1-817x1536.jpg 817w, https:\/\/www.kuvita.net\/jotainmuuta\/wp-content\/uploads\/2023\/04\/debytantti-kopio-scaled-1-1089x2048.jpg 1089w, https:\/\/www.kuvita.net\/jotainmuuta\/wp-content\/uploads\/2023\/04\/debytantti-kopio-scaled-1.jpg 1361w\" sizes=\"auto, (max-width: 544px) 100vw, 544px\" \/><\/figure>\n\n\n\n<figure class=\"wp-block-image size-full\"><img loading=\"lazy\" decoding=\"async\" width=\"301\" height=\"640\" src=\"https:\/\/www.kuvita.net\/jotainmuuta\/wp-content\/uploads\/2023\/04\/rosti2.jpg\" alt=\"\" class=\"wp-image-2489\" srcset=\"https:\/\/www.kuvita.net\/jotainmuuta\/wp-content\/uploads\/2023\/04\/rosti2.jpg 301w, https:\/\/www.kuvita.net\/jotainmuuta\/wp-content\/uploads\/2023\/04\/rosti2-141x300.jpg 141w\" sizes=\"auto, (max-width: 301px) 100vw, 301px\" \/><\/figure>\n\n\n\n<figure class=\"wp-block-image size-full is-resized\"><img loading=\"lazy\" decoding=\"async\" width=\"639\" height=\"640\" src=\"https:\/\/www.kuvita.net\/jotainmuuta\/wp-content\/uploads\/2023\/04\/rost1_1.jpg\" alt=\"\" class=\"wp-image-2490\" style=\"width:352px;height:353px\" srcset=\"https:\/\/www.kuvita.net\/jotainmuuta\/wp-content\/uploads\/2023\/04\/rost1_1.jpg 639w, https:\/\/www.kuvita.net\/jotainmuuta\/wp-content\/uploads\/2023\/04\/rost1_1-300x300.jpg 300w, https:\/\/www.kuvita.net\/jotainmuuta\/wp-content\/uploads\/2023\/04\/rost1_1-150x150.jpg 150w\" sizes=\"auto, (max-width: 639px) 100vw, 639px\" \/><\/figure>\n","protected":false},"excerpt":{"rendered":"<p>marja.rosti@kuvita.net Miten minusta tuli min\u00e4 (Muorivoima, Grandmama poweria !) Valmistuin kuvataideopettajaksi Taideteollisesta korkeakoulusta 1974. Garaafiseksi suunnittelijaksi Vantaan muotoiluinstituutista 2005 Kun olin opettanut parikymment\u00e4 vuotta kuvataidetta eri oppilaitoksissa, alkoi tuntua ett\u00e4 ev\u00e4\u00e4t ovat loppumassa. Tarvitsin uutta energiatankkausta. P\u00e4\u00e4sin opiskelemaan valokuvausta Taideteollisen korkeakoulun valokuvataiteen laitokselle 1990-l aikuiskoulutusryhm\u00e4\u00e4n, mutta valokuvan opinnot j\u00e4iv\u00e4t ensimm\u00e4isen vuoden opintojen tasolle. Minusta ei [&hellip;]<\/p>\n","protected":false},"author":2,"featured_media":0,"parent":0,"menu_order":0,"comment_status":"closed","ping_status":"closed","template":"","meta":{"site-sidebar-layout":"no-sidebar","site-content-layout":"narrow-container","ast-site-content-layout":"narrow-width-container","site-content-style":"unboxed","site-sidebar-style":"unboxed","ast-global-header-display":"","ast-banner-title-visibility":"","ast-main-header-display":"","ast-hfb-above-header-display":"","ast-hfb-below-header-display":"","ast-hfb-mobile-header-display":"","site-post-title":"","ast-breadcrumbs-content":"","ast-featured-img":"","footer-sml-layout":"","ast-disable-related-posts":"","theme-transparent-header-meta":"","adv-header-id-meta":"","stick-header-meta":"","header-above-stick-meta":"","header-main-stick-meta":"","header-below-stick-meta":"","astra-migrate-meta-layouts":"set","ast-page-background-enabled":"default","ast-page-background-meta":{"desktop":{"background-color":"var(--ast-global-color-4)","background-image":"","background-repeat":"repeat","background-position":"center center","background-size":"auto","background-attachment":"scroll","background-type":"","background-media":"","overlay-type":"","overlay-color":"","overlay-opacity":"","overlay-gradient":""},"tablet":{"background-color":"","background-image":"","background-repeat":"repeat","background-position":"center center","background-size":"auto","background-attachment":"scroll","background-type":"","background-media":"","overlay-type":"","overlay-color":"","overlay-opacity":"","overlay-gradient":""},"mobile":{"background-color":"","background-image":"","background-repeat":"repeat","background-position":"center center","background-size":"auto","background-attachment":"scroll","background-type":"","background-media":"","overlay-type":"","overlay-color":"","overlay-opacity":"","overlay-gradient":""}},"ast-content-background-meta":{"desktop":{"background-color":"var(--ast-global-color-5)","background-image":"","background-repeat":"repeat","background-position":"center center","background-size":"auto","background-attachment":"scroll","background-type":"","background-media":"","overlay-type":"","overlay-color":"","overlay-opacity":"","overlay-gradient":""},"tablet":{"background-color":"var(--ast-global-color-5)","background-image":"","background-repeat":"repeat","background-position":"center center","background-size":"auto","background-attachment":"scroll","background-type":"","background-media":"","overlay-type":"","overlay-color":"","overlay-opacity":"","overlay-gradient":""},"mobile":{"background-color":"var(--ast-global-color-5)","background-image":"","background-repeat":"repeat","background-position":"center center","background-size":"auto","background-attachment":"scroll","background-type":"","background-media":"","overlay-type":"","overlay-color":"","overlay-opacity":"","overlay-gradient":""}},"ngg_post_thumbnail":0,"footnotes":""},"class_list":["post-2086","page","type-page","status-publish","hentry"],"_links":{"self":[{"href":"https:\/\/www.kuvita.net\/jotainmuuta\/wp-json\/wp\/v2\/pages\/2086","targetHints":{"allow":["GET"]}}],"collection":[{"href":"https:\/\/www.kuvita.net\/jotainmuuta\/wp-json\/wp\/v2\/pages"}],"about":[{"href":"https:\/\/www.kuvita.net\/jotainmuuta\/wp-json\/wp\/v2\/types\/page"}],"author":[{"embeddable":true,"href":"https:\/\/www.kuvita.net\/jotainmuuta\/wp-json\/wp\/v2\/users\/2"}],"replies":[{"embeddable":true,"href":"https:\/\/www.kuvita.net\/jotainmuuta\/wp-json\/wp\/v2\/comments?post=2086"}],"version-history":[{"count":63,"href":"https:\/\/www.kuvita.net\/jotainmuuta\/wp-json\/wp\/v2\/pages\/2086\/revisions"}],"predecessor-version":[{"id":3659,"href":"https:\/\/www.kuvita.net\/jotainmuuta\/wp-json\/wp\/v2\/pages\/2086\/revisions\/3659"}],"wp:attachment":[{"href":"https:\/\/www.kuvita.net\/jotainmuuta\/wp-json\/wp\/v2\/media?parent=2086"}],"curies":[{"name":"wp","href":"https:\/\/api.w.org\/{rel}","templated":true}]}}