{"id":2424,"date":"2023-04-06T20:07:01","date_gmt":"2023-04-06T20:07:01","guid":{"rendered":"https:\/\/www.kuvita.net\/jotainmuuta\/?page_id=2424"},"modified":"2025-11-19T16:48:44","modified_gmt":"2025-11-19T16:48:44","slug":"cv-2","status":"publish","type":"page","link":"https:\/\/www.kuvita.net\/jotainmuuta\/cv-2\/","title":{"rendered":"CV"},"content":{"rendered":"\n<p><strong>Marja Rosti&nbsp;<\/strong><\/p>\n\n\n\n<p class=\"has-text-align-left\"><strong>Marja Rosti CV (1950)<\/strong><\/p>\n\n\n\n<p><strong>Koulutus:<\/strong><br>YO_tutkinto Launeen yhteislyseo, Lahti ,1970<br>Kuvataidekasvatus, TAIK\/Aalto 1974<br>Opetusharjoittelu Helsingin yliopisto 1975 (+ taidehistorian ja kasvatustieteen opinnot, HUK 2000)<br>Graafinen suunnittelu, AMK, Vantaan muotoiluinstituutti 2005<br>-opiskelijana Taideteollisen korkeakoulun avoimessa Valokuvataiteen laitoksella1995-1998<br>&#8211; opiskelijana el\u00e4v\u00e4n mallin kurssilla Vapaa Taidekoulu 2018<br>&#8211; opiskelijana Hyvink\u00e4\u00e4n taidekoulussa 2019\u20132020<br><strong>Ty\u00f6historia:<\/strong><br><em>Kuvataiteen lehtorina seuraavissa oppilaitoksissa (1975\u20132018)<\/em><br>Nastolan lukio ja yl\u00e4koulu, Savonlinnan Taidelukio, Kouvolan muotoiluinstituutti ja J\u00e4rvenp\u00e4\u00e4n lukio<br><strong>Palkinnot ja apurahat<\/strong><br>Teinidebytantti, I.-palkinto, + apuraha, Jyv\u00e4skyl\u00e4n kes\u00e4 1969<br>Tuusulan kulttuuritoimi, ty\u00f6skentelyapuraha, 2024<br><strong>N\u00e4yttelytoiminta:&nbsp;<\/strong><em>Mukana seuraavissa taidej\u00e4rjest\u00f6jen n\u00e4yttelyiss\u00e4 2019 \u2013<\/em><br>KuumArt, vanhusty\u00f6n Yksin\u00e4isyys teeman n\u00e4yttely Galleria Alli , Kerava, 2019<br>Hyvink\u00e4\u00e4n taidekoulun kev\u00e4tn\u00e4yttely 2019 ja 2020 (netti) Kasvoja karanteenista, nettin\u00e4yttely, 2020&nbsp;<br>Riihim\u00e4en kuvataiteilijat \u201d10v. T\u00e4rin\u00e4\u00e4\u201d, 2020<br><strong>Uudenmaan kuvataidej\u00e4rjest\u00f6jen n\u00e4yttely Riihim\u00e4ki, 2020<\/strong><br><strong>Uudenmaan kuvataidej\u00e4rjest\u00f6jen visiittin\u00e4yttely Hanko, 2021<\/strong><br>Tuusulan valokuvaajien n\u00e4yttely \u201dVesi yhdist\u00e4\u00e4\u201d Saksa, Celle 2020 sek\u00e4 Tuusulan Krapi, 2021<br>J\u00e4rvenp\u00e4\u00e4n taideseuran vaihton\u00e4yttely Vantaan taideseuran kanssa, Vantaa, 2021<br>J\u00e4rvenp\u00e4\u00e4n taideseuran vuosin\u00e4yttely, Galleria J\u00e4rn\u00e4tti 2021, 2022, 2023 ja 2024<br>Tuusulan valokuvaajat, vuosin\u00e4yttely 2020 ja 2021, 2023, Hyryl\u00e4, kirjasto<br>M\u00e4nts\u00e4l\u00e4n Taideyhdistys, kev\u00e4tn\u00e4yttely \/ syysn\u00e4yttely 2021, 2022, 2023 ja 2024&nbsp;<br>J\u00e4rvenp\u00e4\u00e4n taideseura, kes\u00e4n\u00e4yttely \u201dLits-L\u00e4ts\u201dTaidetalo, 2022, &#8221;V\u00e4ri&#8221; 2025<br>Riihim\u00e4en kuvataiteilijoiden vuosin\u00e4yttely 2020, 2021, 2022, 2023 ja 2024<br><strong>Uudet maan kuvat, Uudenmaan kuvataidej\u00e4rjest\u00f6jen n\u00e4yttely, Kaapelitehdas, 2022<\/strong><br><strong>Art Fair Suomi Art Goes Galleries, 2023 ,\u201dRoska\u201d- teeman\u00e4yttely ,Riihim\u00e4ki<\/strong><br><strong>Art Fair Suomi Art Goes Galleries, 2023, \u201dMaisema\u201d \u2013 teeman\u00e4yttely, J\u00e4rvenp\u00e4\u00e4<\/strong><br><strong>Uudenmaan kuvataidej\u00e4rjest\u00f6jen visiittin\u00e4yttely, Nurmij\u00e4rvi, 2023<\/strong><br>PAX-Teeman\u00e4yttely, Vantaan taiteilijaseura, Vantaa, 2024<br>Hyvink\u00e4\u00e4n taiteilijaseura, \u201dUudet\u201d, 2025<br>Hyvink\u00e4\u00e4n taiteilijaseura, &#8221; Onko t\u00e4m\u00e4 unta&#8221;, kes\u00e4, 2025<\/p>\n\n\n\n<p><\/p>\n\n\n\n<p><strong>Yksityisn\u00e4yttelyt:<\/strong><br><strong>M\u00e4nts\u00e4l\u00e4n taideyhdistyksen Pikkugallerian ikkunan\u00e4yttely,<\/strong> 2020<br><strong>Vanhankyl\u00e4n kartanon kahvila,<\/strong> J\u00e4rvenp\u00e4\u00e4, \u201dLainattuja hetki\u00e4\u201d, 2022<br><strong>J\u00e4rvenp\u00e4\u00e4n kirjasto,<\/strong> \u201dViimeinen rotta ja muita kuvia\u201d, 2022<br><strong>Tuusulan Kirjasto,<\/strong> \u201dViimeinen rotta ja muita kuvia\u201d, 2023<br><strong>J\u00e4rvenp\u00e4\u00e4n Taidetalon galleria,<\/strong> \u201dKaivonkatsoja ja muita kuvia\u201d, 2024<br><strong>Ravintola Kerho Tuusula, \u201d<\/strong>Kollaaseja\u201d, 2024<strong><br>J\u00e4rvenp\u00e4\u00e4n Taidetalon galleria<\/strong>, \u201dTunnearvoa\u201d, 2025<br><strong>Monio Galleria<\/strong>, Tuusula, &#8221;Takaisin Kouluun&#8221;, retrospektiivi teoksista 2020-2025 <br><br><strong>Ryhm\u00e4n\u00e4yttelyt:<\/strong><br><strong>Gustavelund\u00a0<\/strong>,Tuusula \u201dNature Morte\u201d asetelmia &#8211; ty\u00f6ryhm\u00e4 Rosti-Kalenius,- ROSKA, 2023<br><strong>Galleria Alli<\/strong>, Kerava \u201dLaidasta laitaan\u201d, 2023<br><strong>Galleria Fogga<\/strong>\u00a0Helsinki, :\u201d Valoa maan varjoissa\u201d, 2024<br><strong>Galleria J\u00e4rn\u00e4tti,<\/strong>\u00a0J\u00e4rvenp\u00e4\u00e4 Talo, \u201dMerkityksi\u00e4 ja tulkintoja\u201d, Anna Mauranen &amp; Marja Rosti, 2024<br><strong>Galleria Tila<\/strong>\u00a0, Helsinki, \u201dTaidemakasiini\u201d, Eila Hutri-Naukkarinen &amp; Marja Rosti, 2024<br><br><strong>J\u00e4senyydet<\/strong><em><strong>:<\/strong>\u00a0Grafia RY, Suomen Taiteilijaseura\/Muu RY<\/em><br>Svenska konstn\u00e4rs f\u00f6rbundet, Hyvink\u00e4\u00e4n Taiteilijaseura, M\u00e4nts\u00e4l\u00e4n taideyhdistys, J\u00e4rvenp\u00e4\u00e4n taideseura, KuumArt (= Tuusula &amp; Kerava taideyhdistys),Tuusulan valokuvaajat<\/p>\n\n\n\n<p>CV Marja Rosti<\/p>\n\n\n\n<p><strong>Visual artist, graphic designer<\/strong><br>As a lecturer in art education at the educational institutions mentioned below (1975-2018)Nastola high school and middle school, Savonlinna Art High School, Kouvola Institute of Design and J\u00e4rvenp\u00e4\u00e4 high school<br><strong>Education\/qualifications<\/strong><br>Art education 1974 (Master of Arts, MA), University of Art and Design Helsinki ((UIAH, known in Finnish as TaiK ) =&nbsp;Aalto University, which started 2010.<br>Bachelor of Culture and Arts, BA (Graphic Design) 2005 (EVTEK) =&nbsp;2008&nbsp;<em>&nbsp;<\/em>Metropolia University of Applied Sciences.<br><strong>Exhibitions of art associations<\/strong><br>KuumArt, an exhibition of elderly work on the theme of Loneliness, Galleria Alli, Kerava&nbsp;<br>2019Hyvink\u00e4\u00e4 Art School spring exhibition 2019 and 2020 (online)<br>Faces from quarantine online exhibition 2020<br>Riihim\u00e4ki visual artists &#8221;10v. T\u00e4rin\u00e4\u00e4&#8221;, 2020Annual exhibition of Riihim\u00e4ki visual artists 2020, <br><em><strong>Uusimaa visual art organizations exhibition Riihim\u00e4ki 2020<\/strong><\/em><br><em>Uusimaa&#8217;s visual art organizations visiting exhibition Hanko 2021<\/em><br>M\u00e4nts\u00e4l\u00e4 art association, annual exhibition 2021<br><strong>Tuusula&#8217;s photographers&#8217; exhibition &#8221;Water unites&#8221; Germany, Celle <\/strong>2020 and Tuusula&#8217;s Krapi&nbsp;<br>2021 J\u00e4rvenp\u00e4\u00e4 Art Society exchange exhibition with Vantaa Art Society, Vantaa<br><strong>Tuusula photographers<\/strong>, annual exhibition 2020, 2021, 2023 Hyryl\u00e4 library<br><strong>J\u00e4rvenp\u00e4\u00e4 Art Society<\/strong>, summer exhibition &#8221;Lits-L\u00e4ts&#8221; Taidetalo J\u00e4rvenp\u00e4\u00e4, 2022, &#8221;V\u00e4ri&#8221; 2025 <br><strong>Annual exhibition of Riihim\u00e4ki visual artists<\/strong> 2021, 2022, 2023, 2024<br><strong>J\u00e4rvenp\u00e4\u00e4 Art Society<\/strong>&#8217;s annual exhibition, gallery J\u00e4rn\u00e4tti 2021, 2022, 2023, 2024<br><em><strong>\u201cNew images of the country &#8211; Uudet maan kuvat\u201d, Uusimaa&#8217;s visual arts organizations exhibition, Kaapelitehdas 2022<\/strong><\/em><br><strong>M\u00e4nts\u00e4l\u00e4 art association<\/strong> Spring exhibition, 2022, 2023, autumn exhibition 2023, spring 2024<br><\/p>\n\n\n\n<p>Pax- Gjutars Gallery, Vantaa, Febryary 2024<\/p>\n\n\n\n<p><strong>Solo Exhibitions<\/strong>M\u00e4nts\u00e4l\u00e4 art association&#8217;s Pikkugalleria window exhibition 2020Vanhankyl\u00e4 manor cafe, J\u00e4rvenp\u00e4\u00e4 &#8221;Borrowed moments&#8221;, 2022 J\u00e4rvenp\u00e4\u00e4 library &#8221;The last rat and other pictures&#8221;, 2022Tuusula library &#8221;The last rat and other pictures&#8221;, 2023 Gallery Taidetalo J\u00e4rvenp\u00e4\u00e4, January 2024 &amp;January 2025<br>Gallery Monio, Tuusula, retrospective 2025<br><br><strong>Group exhibitions<br><\/strong>&nbsp;\u201cNature Morte\u201d Working group Rosti_Kalenius (Ros-Ka) Gustavelund-Tuusula Spring 2023<br>Working group Laidasta laitaan, Galleria Alli Kerava, August 2023<br>Fogga Gallery, Helsinki, February 2024<br>Galleria Tila, Helsinki, Hutri&amp;Rosti, 2024<br><br><strong>Memberships<br><\/strong>Svenska Konstn\u00e4rsf\u00f6rbundet, SE<br>Grafia RY<br>MUU RY&nbsp;<br>M\u00e4nts\u00e4l\u00e4 art association<br>J\u00e4rvenp\u00e4\u00e4 Art Society<br>Tuusula&#8217;s photographers<\/p>\n","protected":false},"excerpt":{"rendered":"<p>Marja Rosti&nbsp; Marja Rosti CV (1950) Koulutus:YO_tutkinto Launeen yhteislyseo, Lahti ,1970Kuvataidekasvatus, TAIK\/Aalto 1974Opetusharjoittelu Helsingin yliopisto 1975 (+ taidehistorian ja kasvatustieteen opinnot, HUK 2000)Graafinen suunnittelu, AMK, Vantaan muotoiluinstituutti 2005-opiskelijana Taideteollisen korkeakoulun avoimessa Valokuvataiteen laitoksella1995-1998&#8211; opiskelijana el\u00e4v\u00e4n mallin kurssilla Vapaa Taidekoulu 2018&#8211; opiskelijana Hyvink\u00e4\u00e4n taidekoulussa 2019\u20132020Ty\u00f6historia:Kuvataiteen lehtorina seuraavissa oppilaitoksissa (1975\u20132018)Nastolan lukio ja yl\u00e4koulu, Savonlinnan Taidelukio, Kouvolan muotoiluinstituutti [&hellip;]<\/p>\n","protected":false},"author":2,"featured_media":0,"parent":0,"menu_order":0,"comment_status":"closed","ping_status":"closed","template":"","meta":{"site-sidebar-layout":"default","site-content-layout":"","ast-site-content-layout":"default","site-content-style":"default","site-sidebar-style":"default","ast-global-header-display":"","ast-banner-title-visibility":"","ast-main-header-display":"","ast-hfb-above-header-display":"","ast-hfb-below-header-display":"","ast-hfb-mobile-header-display":"","site-post-title":"","ast-breadcrumbs-content":"","ast-featured-img":"","footer-sml-layout":"","ast-disable-related-posts":"","theme-transparent-header-meta":"","adv-header-id-meta":"","stick-header-meta":"","header-above-stick-meta":"","header-main-stick-meta":"","header-below-stick-meta":"","astra-migrate-meta-layouts":"set","ast-page-background-enabled":"default","ast-page-background-meta":{"desktop":{"background-color":"var(--ast-global-color-4)","background-image":"","background-repeat":"repeat","background-position":"center center","background-size":"auto","background-attachment":"scroll","background-type":"","background-media":"","overlay-type":"","overlay-color":"","overlay-opacity":"","overlay-gradient":""},"tablet":{"background-color":"","background-image":"","background-repeat":"repeat","background-position":"center center","background-size":"auto","background-attachment":"scroll","background-type":"","background-media":"","overlay-type":"","overlay-color":"","overlay-opacity":"","overlay-gradient":""},"mobile":{"background-color":"","background-image":"","background-repeat":"repeat","background-position":"center center","background-size":"auto","background-attachment":"scroll","background-type":"","background-media":"","overlay-type":"","overlay-color":"","overlay-opacity":"","overlay-gradient":""}},"ast-content-background-meta":{"desktop":{"background-color":"var(--ast-global-color-5)","background-image":"","background-repeat":"repeat","background-position":"center center","background-size":"auto","background-attachment":"scroll","background-type":"","background-media":"","overlay-type":"","overlay-color":"","overlay-opacity":"","overlay-gradient":""},"tablet":{"background-color":"var(--ast-global-color-5)","background-image":"","background-repeat":"repeat","background-position":"center center","background-size":"auto","background-attachment":"scroll","background-type":"","background-media":"","overlay-type":"","overlay-color":"","overlay-opacity":"","overlay-gradient":""},"mobile":{"background-color":"var(--ast-global-color-5)","background-image":"","background-repeat":"repeat","background-position":"center center","background-size":"auto","background-attachment":"scroll","background-type":"","background-media":"","overlay-type":"","overlay-color":"","overlay-opacity":"","overlay-gradient":""}},"ngg_post_thumbnail":0,"footnotes":""},"class_list":["post-2424","page","type-page","status-publish","hentry"],"_links":{"self":[{"href":"https:\/\/www.kuvita.net\/jotainmuuta\/wp-json\/wp\/v2\/pages\/2424","targetHints":{"allow":["GET"]}}],"collection":[{"href":"https:\/\/www.kuvita.net\/jotainmuuta\/wp-json\/wp\/v2\/pages"}],"about":[{"href":"https:\/\/www.kuvita.net\/jotainmuuta\/wp-json\/wp\/v2\/types\/page"}],"author":[{"embeddable":true,"href":"https:\/\/www.kuvita.net\/jotainmuuta\/wp-json\/wp\/v2\/users\/2"}],"replies":[{"embeddable":true,"href":"https:\/\/www.kuvita.net\/jotainmuuta\/wp-json\/wp\/v2\/comments?post=2424"}],"version-history":[{"count":30,"href":"https:\/\/www.kuvita.net\/jotainmuuta\/wp-json\/wp\/v2\/pages\/2424\/revisions"}],"predecessor-version":[{"id":3608,"href":"https:\/\/www.kuvita.net\/jotainmuuta\/wp-json\/wp\/v2\/pages\/2424\/revisions\/3608"}],"wp:attachment":[{"href":"https:\/\/www.kuvita.net\/jotainmuuta\/wp-json\/wp\/v2\/media?parent=2424"}],"curies":[{"name":"wp","href":"https:\/\/api.w.org\/{rel}","templated":true}]}}