{"id":3249,"date":"2025-03-01T13:34:59","date_gmt":"2025-03-01T13:34:59","guid":{"rendered":"https:\/\/www.kuvita.net\/jotainmuuta\/?page_id=3249"},"modified":"2025-06-17T16:26:49","modified_gmt":"2025-06-17T16:26:49","slug":"valokuva","status":"publish","type":"page","link":"https:\/\/www.kuvita.net\/jotainmuuta\/valokuva\/","title":{"rendered":"Valokuvia"},"content":{"rendered":"\n<p>Valokuvani ovat l\u00e4hinn\u00e4 teosteni kuvamateriaalia, eiv\u00e4t kaikki olemukseltaan itsen\u00e4isi\u00e4 teoksia.<\/p>\n\n\n\nngg_shortcode_0_placeholder\n\n\n\n<p><\/p>\n\n\n\n<p>Vanha kotisivuni, jota en ole en\u00e4\u00e4 pystynyt p\u00e4ivitt\u00e4m\u00e4\u00e4n, kertoo kuvin havainnoistani Sulkavalla. <a href=\"https:\/\/sulkavanmummo.blogspot.com\">Sulkavanmummo-sivu<\/a><\/p>\n\n\n\n<p><\/p>\n","protected":false},"excerpt":{"rendered":"<p>Valokuvani ovat l\u00e4hinn\u00e4 teosteni kuvamateriaalia, eiv\u00e4t kaikki olemukseltaan itsen\u00e4isi\u00e4 teoksia. Vanha kotisivuni, jota en ole en\u00e4\u00e4 pystynyt p\u00e4ivitt\u00e4m\u00e4\u00e4n, kertoo kuvin havainnoistani Sulkavalla. Sulkavanmummo-sivu<\/p>\n","protected":false},"author":2,"featured_media":0,"parent":0,"menu_order":0,"comment_status":"closed","ping_status":"closed","template":"","meta":{"site-sidebar-layout":"default","site-content-layout":"","ast-site-content-layout":"default","site-content-style":"default","site-sidebar-style":"default","ast-global-header-display":"","ast-banner-title-visibility":"","ast-main-header-display":"","ast-hfb-above-header-display":"","ast-hfb-below-header-display":"","ast-hfb-mobile-header-display":"","site-post-title":"","ast-breadcrumbs-content":"","ast-featured-img":"","footer-sml-layout":"","ast-disable-related-posts":"","theme-transparent-header-meta":"","adv-header-id-meta":"","stick-header-meta":"","header-above-stick-meta":"","header-main-stick-meta":"","header-below-stick-meta":"","astra-migrate-meta-layouts":"set","ast-page-background-enabled":"default","ast-page-background-meta":{"desktop":{"background-color":"var(--ast-global-color-4)","background-image":"","background-repeat":"repeat","background-position":"center center","background-size":"auto","background-attachment":"scroll","background-type":"","background-media":"","overlay-type":"","overlay-color":"","overlay-opacity":"","overlay-gradient":""},"tablet":{"background-color":"","background-image":"","background-repeat":"repeat","background-position":"center center","background-size":"auto","background-attachment":"scroll","background-type":"","background-media":"","overlay-type":"","overlay-color":"","overlay-opacity":"","overlay-gradient":""},"mobile":{"background-color":"","background-image":"","background-repeat":"repeat","background-position":"center center","background-size":"auto","background-attachment":"scroll","background-type":"","background-media":"","overlay-type":"","overlay-color":"","overlay-opacity":"","overlay-gradient":""}},"ast-content-background-meta":{"desktop":{"background-color":"var(--ast-global-color-5)","background-image":"","background-repeat":"repeat","background-position":"center center","background-size":"auto","background-attachment":"scroll","background-type":"","background-media":"","overlay-type":"","overlay-color":"","overlay-opacity":"","overlay-gradient":""},"tablet":{"background-color":"var(--ast-global-color-5)","background-image":"","background-repeat":"repeat","background-position":"center center","background-size":"auto","background-attachment":"scroll","background-type":"","background-media":"","overlay-type":"","overlay-color":"","overlay-opacity":"","overlay-gradient":""},"mobile":{"background-color":"var(--ast-global-color-5)","background-image":"","background-repeat":"repeat","background-position":"center center","background-size":"auto","background-attachment":"scroll","background-type":"","background-media":"","overlay-type":"","overlay-color":"","overlay-opacity":"","overlay-gradient":""}},"ngg_post_thumbnail":0,"footnotes":""},"class_list":["post-3249","page","type-page","status-publish","hentry"],"_links":{"self":[{"href":"https:\/\/www.kuvita.net\/jotainmuuta\/wp-json\/wp\/v2\/pages\/3249","targetHints":{"allow":["GET"]}}],"collection":[{"href":"https:\/\/www.kuvita.net\/jotainmuuta\/wp-json\/wp\/v2\/pages"}],"about":[{"href":"https:\/\/www.kuvita.net\/jotainmuuta\/wp-json\/wp\/v2\/types\/page"}],"author":[{"embeddable":true,"href":"https:\/\/www.kuvita.net\/jotainmuuta\/wp-json\/wp\/v2\/users\/2"}],"replies":[{"embeddable":true,"href":"https:\/\/www.kuvita.net\/jotainmuuta\/wp-json\/wp\/v2\/comments?post=3249"}],"version-history":[{"count":7,"href":"https:\/\/www.kuvita.net\/jotainmuuta\/wp-json\/wp\/v2\/pages\/3249\/revisions"}],"predecessor-version":[{"id":3542,"href":"https:\/\/www.kuvita.net\/jotainmuuta\/wp-json\/wp\/v2\/pages\/3249\/revisions\/3542"}],"wp:attachment":[{"href":"https:\/\/www.kuvita.net\/jotainmuuta\/wp-json\/wp\/v2\/media?parent=3249"}],"curies":[{"name":"wp","href":"https:\/\/api.w.org\/{rel}","templated":true}]}}