{"id":3357,"date":"2025-03-01T17:32:24","date_gmt":"2025-03-01T17:32:24","guid":{"rendered":"https:\/\/www.kuvita.net\/jotainmuuta\/kuvat-2023\/sekalaista\/"},"modified":"2026-03-30T06:27:23","modified_gmt":"2026-03-30T06:27:23","slug":"sekalaista","status":"publish","type":"page","link":"https:\/\/www.kuvita.net\/jotainmuuta\/kuvat-2023\/sekalaista\/","title":{"rendered":"Viimeaikaiset 2025-26"},"content":{"rendered":"ngg_shortcode_0_placeholder\n\n\n<p>Olen kuvannut pitemm\u00e4n ajan kuluessa kahta teemaa, yksi on Modern Pastoral, tai Para Pastoral, mik\u00e4 t\u00e4ss\u00e4 kontekstissa tarkoittaa ihmisen muokkaamaa maisemaa hy\u00f6tyn\u00e4k\u00f6kulma edell\u00e4- kuinkas muuten. Kyseiseen ilmi\u00f6\u00f6n liittyy my\u00f6s rakennemuutos, mik\u00e4 ilmenee hyl\u00e4ttyin\u00e4 ja paikalleen rapistumaan j\u00e4tttyin\u00e4 kiintist\u00f6ina tms. ep\u00e4paikkoina.<br>Toinen v\u00e4h\u00e4n edelliseen liittyen, on energiaan liittyv\u00e4 infrastruktuuri, miten se ilmenee ymp\u00e4rist\u00f6ss\u00e4. En ole ainoa jos taidehistorian suuruuksiin verrataan. &#8221;Maan s\u00e4hk\u00f6ist\u00e4minen&#8221; oli teema, jonka mm. ven\u00e4l\u00e4inen Avantgarde 1920-l otti juuri aihepiiriins\u00e4. S\u00e4hk\u00f6 oli aikansa edistyksen symboli. Olen kuvannut kaapelity\u00f6maita, keloja ja muuta sek\u00e4 s\u00e4hk\u00f6\u00f6n ett\u00e4 viestint\u00e4\u00e4n kytkeytyv\u00e4\u00e4 materiaalia ja ymp\u00e4rist\u00f6j\u00e4.<\/p>\n\n\n\n<p class=\"has-medium-font-size\"><br>Luonnon elementit, kasvien osat kulkevat edelleen aineistoissa mukana. Abstraktien v\u00e4risommitelmien l\u00e4ht\u00f6kohtana ovat olleet kuvat tulppaanien ter\u00e4lehdist\u00e4.<\/p>\n\n\n\nngg_shortcode_1_placeholder\n","protected":false},"excerpt":{"rendered":"<p>Olen kuvannut pitemm\u00e4n ajan kuluessa kahta teemaa, yksi on Modern Pastoral, tai Para Pastoral, mik\u00e4 t\u00e4ss\u00e4 kontekstissa tarkoittaa ihmisen muokkaamaa maisemaa hy\u00f6tyn\u00e4k\u00f6kulma edell\u00e4- kuinkas muuten. Kyseiseen ilmi\u00f6\u00f6n liittyy my\u00f6s rakennemuutos, mik\u00e4 ilmenee hyl\u00e4ttyin\u00e4 ja paikalleen rapistumaan j\u00e4tttyin\u00e4 kiintist\u00f6ina tms. ep\u00e4paikkoina.Toinen v\u00e4h\u00e4n edelliseen liittyen, on energiaan liittyv\u00e4 infrastruktuuri, miten se ilmenee ymp\u00e4rist\u00f6ss\u00e4. En ole ainoa jos [&hellip;]<\/p>\n","protected":false},"author":2,"featured_media":0,"parent":2107,"menu_order":0,"comment_status":"closed","ping_status":"closed","template":"","meta":{"site-sidebar-layout":"default","site-content-layout":"","ast-site-content-layout":"default","site-content-style":"default","site-sidebar-style":"default","ast-global-header-display":"","ast-banner-title-visibility":"","ast-main-header-display":"","ast-hfb-above-header-display":"","ast-hfb-below-header-display":"","ast-hfb-mobile-header-display":"","site-post-title":"","ast-breadcrumbs-content":"","ast-featured-img":"","footer-sml-layout":"","ast-disable-related-posts":"","theme-transparent-header-meta":"","adv-header-id-meta":"","stick-header-meta":"","header-above-stick-meta":"","header-main-stick-meta":"","header-below-stick-meta":"","astra-migrate-meta-layouts":"set","ast-page-background-enabled":"default","ast-page-background-meta":{"desktop":{"background-color":"var(--ast-global-color-4)","background-image":"","background-repeat":"repeat","background-position":"center center","background-size":"auto","background-attachment":"scroll","background-type":"","background-media":"","overlay-type":"","overlay-color":"","overlay-opacity":"","overlay-gradient":""},"tablet":{"background-color":"","background-image":"","background-repeat":"repeat","background-position":"center center","background-size":"auto","background-attachment":"scroll","background-type":"","background-media":"","overlay-type":"","overlay-color":"","overlay-opacity":"","overlay-gradient":""},"mobile":{"background-color":"","background-image":"","background-repeat":"repeat","background-position":"center center","background-size":"auto","background-attachment":"scroll","background-type":"","background-media":"","overlay-type":"","overlay-color":"","overlay-opacity":"","overlay-gradient":""}},"ast-content-background-meta":{"desktop":{"background-color":"var(--ast-global-color-5)","background-image":"","background-repeat":"repeat","background-position":"center center","background-size":"auto","background-attachment":"scroll","background-type":"","background-media":"","overlay-type":"","overlay-color":"","overlay-opacity":"","overlay-gradient":""},"tablet":{"background-color":"var(--ast-global-color-5)","background-image":"","background-repeat":"repeat","background-position":"center center","background-size":"auto","background-attachment":"scroll","background-type":"","background-media":"","overlay-type":"","overlay-color":"","overlay-opacity":"","overlay-gradient":""},"mobile":{"background-color":"var(--ast-global-color-5)","background-image":"","background-repeat":"repeat","background-position":"center center","background-size":"auto","background-attachment":"scroll","background-type":"","background-media":"","overlay-type":"","overlay-color":"","overlay-opacity":"","overlay-gradient":""}},"ngg_post_thumbnail":0,"footnotes":""},"class_list":["post-3357","page","type-page","status-publish","hentry"],"_links":{"self":[{"href":"https:\/\/www.kuvita.net\/jotainmuuta\/wp-json\/wp\/v2\/pages\/3357","targetHints":{"allow":["GET"]}}],"collection":[{"href":"https:\/\/www.kuvita.net\/jotainmuuta\/wp-json\/wp\/v2\/pages"}],"about":[{"href":"https:\/\/www.kuvita.net\/jotainmuuta\/wp-json\/wp\/v2\/types\/page"}],"author":[{"embeddable":true,"href":"https:\/\/www.kuvita.net\/jotainmuuta\/wp-json\/wp\/v2\/users\/2"}],"replies":[{"embeddable":true,"href":"https:\/\/www.kuvita.net\/jotainmuuta\/wp-json\/wp\/v2\/comments?post=3357"}],"version-history":[{"count":17,"href":"https:\/\/www.kuvita.net\/jotainmuuta\/wp-json\/wp\/v2\/pages\/3357\/revisions"}],"predecessor-version":[{"id":3684,"href":"https:\/\/www.kuvita.net\/jotainmuuta\/wp-json\/wp\/v2\/pages\/3357\/revisions\/3684"}],"up":[{"embeddable":true,"href":"https:\/\/www.kuvita.net\/jotainmuuta\/wp-json\/wp\/v2\/pages\/2107"}],"wp:attachment":[{"href":"https:\/\/www.kuvita.net\/jotainmuuta\/wp-json\/wp\/v2\/media?parent=3357"}],"curies":[{"name":"wp","href":"https:\/\/api.w.org\/{rel}","templated":true}]}}